{"id":15002,"date":"2023-04-20T06:33:59","date_gmt":"2023-04-20T04:33:59","guid":{"rendered":"https:\/\/medifactia.com\/da\/?page_id=15002"},"modified":"2024-04-25T09:44:37","modified_gmt":"2024-04-25T07:44:37","slug":"colon-transit-study","status":"publish","type":"page","link":"https:\/\/medifactia.com\/da\/colon-transit-study\/","title":{"rendered":"Colon Transit Study"},"content":{"rendered":"<div  class='flex_column av-ebykey-2ab0bcf6a22c5abf3fb949b69a91c04d av_one_full  avia-builder-el-0  el_before_av_one_full  avia-builder-el-first  first flex_column_div  '     ><style type=\"text\/css\" data-created_by=\"avia_inline_auto\" id=\"style-css-av-3ddra0q-0874590e742dc4242357d55321233574\">\n.avia-image-container.av-3ddra0q-0874590e742dc4242357d55321233574 img.avia_image{\nbox-shadow:none;\n}\n.avia-image-container.av-3ddra0q-0874590e742dc4242357d55321233574 .av-image-caption-overlay-center{\ncolor:#ffffff;\n}\n<\/style>\n<div  class='avia-image-container av-3ddra0q-0874590e742dc4242357d55321233574 av-styling- avia-align-center  avia-builder-el-1  avia-builder-el-no-sibling '   itemprop=\"image\" itemscope=\"itemscope\" itemtype=\"https:\/\/schema.org\/ImageObject\" ><div class=\"avia-image-container-inner\"><div class=\"avia-image-overlay-wrap\"><img decoding=\"async\" fetchpriority=\"high\" class='wp-image-15060 avia-img-lazy-loading-not-15060 avia_image ' src=\"https:\/\/medifactia.com\/da\/wp-content\/uploads\/sites\/3\/2023\/06\/patient-doctor-2.jpg\" alt='' title='patient-doctor-2'  height=\"1282\" width=\"1920\"  itemprop=\"thumbnailUrl\" srcset=\"https:\/\/medifactia.com\/da\/wp-content\/uploads\/sites\/3\/2023\/06\/patient-doctor-2.jpg 1920w, https:\/\/medifactia.com\/da\/wp-content\/uploads\/sites\/3\/2023\/06\/patient-doctor-2-300x200.jpg 300w, https:\/\/medifactia.com\/da\/wp-content\/uploads\/sites\/3\/2023\/06\/patient-doctor-2-1030x688.jpg 1030w, https:\/\/medifactia.com\/da\/wp-content\/uploads\/sites\/3\/2023\/06\/patient-doctor-2-768x513.jpg 768w, https:\/\/medifactia.com\/da\/wp-content\/uploads\/sites\/3\/2023\/06\/patient-doctor-2-1536x1026.jpg 1536w, https:\/\/medifactia.com\/da\/wp-content\/uploads\/sites\/3\/2023\/06\/patient-doctor-2-1500x1002.jpg 1500w, https:\/\/medifactia.com\/da\/wp-content\/uploads\/sites\/3\/2023\/06\/patient-doctor-2-705x471.jpg 705w\" sizes=\"(max-width: 1920px) 100vw, 1920px\" \/><\/div><\/div><\/div><\/div>\n<div  class='flex_column av-abky7u-38b9e380cd61b97e6a78313c922d2cf6 av_one_full  avia-builder-el-2  el_after_av_one_full  el_before_av_one_full  first flex_column_div  column-top-margin'     ><p>\n<style type=\"text\/css\" data-created_by=\"avia_inline_auto\" id=\"style-css-av-lgommobc-6e648d672786212de8b693b5cfd099e9\">\n#top .av-special-heading.av-lgommobc-6e648d672786212de8b693b5cfd099e9{\npadding-bottom:10px;\n}\nbody .av-special-heading.av-lgommobc-6e648d672786212de8b693b5cfd099e9 .av-special-heading-tag .heading-char{\nfont-size:25px;\n}\n.av-special-heading.av-lgommobc-6e648d672786212de8b693b5cfd099e9 .av-subheading{\nfont-size:15px;\n}\n<\/style>\n<div  class='av-special-heading av-lgommobc-6e648d672786212de8b693b5cfd099e9 av-special-heading-h1 blockquote modern-quote  avia-builder-el-3  el_before_av_textblock  avia-builder-el-first '><h1 class='av-special-heading-tag '  itemprop=\"headline\"  >Hvad er en kolontransitunders\u00f8gelse med Transit-Pellets?<\/h1><div class=\"special-heading-border\"><div class=\"special-heading-inner-border\"><\/div><\/div><\/div><br \/>\n<section  class='av_textblock_section av-lgomn0pr-6dfbcd4ccd36cacbab8f176b67d92dd9 '   itemscope=\"itemscope\" itemtype=\"https:\/\/schema.org\/CreativeWork\" ><div class='avia_textblock'  itemprop=\"text\" ><p>En kolontransitunders\u00f8gelse med Transit-Pellets bruges ofte hos patienter, der lider af kronisk forstoppelse, kronisk diarr\u00e9 og\/eller irritabel tarm-syndrom (IBS). Form\u00e5let med denne test er at evaluere motilitetsforstyrrelser og hvor hurtigt eller langsomt mad\/aff\u00f8ring passerer gennem mave-tarm-systemet.<\/p>\n<p>Testen indeb\u00e6rer, at man i l\u00f8bet af en seks-dages periode sluger syv kapsler, der indeholder sm\u00e5 mark\u00f8rer, som kan visualiseres med et r\u00f8ntgenbillede. Ved at f\u00f8lge mark\u00f8rernes bev\u00e6gelse gennem tyktarmen kan l\u00e6gen kvantificere graden af problemet. Resultaterne kan v\u00e6re vigtige for at bestemme behovet for andre unders\u00f8gelsesmetoder og v\u00e6lge passende behandlingsalternativer.<\/p>\n<p>Kapslerne og mark\u00f8rerne er unikt pakket if\u00f8lge Transit-Pellets metoden, en valideret enkel metode til at m\u00e5le hele spektret fra hurtig til langsom kolontransit.<\/p>\n<p>At indtage mark\u00f8rerne er sikkert, og mark\u00f8rerne vil forlade kroppen med aff\u00f8ringen og kan sikkert skylles ned i toilettet.<\/p>\n<\/div><\/section><\/p><\/div><div  class='flex_column av-99027u-d507e975bb47565d21addec7fe6c59f5 av_one_full  avia-builder-el-5  el_after_av_one_full  el_before_av_one_full  first flex_column_div  column-top-margin'     ><p>\n<style type=\"text\/css\" data-created_by=\"avia_inline_auto\" id=\"style-css-av-lgomnb8e-ccfd87ec9580739a79721d258a62f06f\">\n#top .av-special-heading.av-lgomnb8e-ccfd87ec9580739a79721d258a62f06f{\npadding-bottom:10px;\n}\nbody .av-special-heading.av-lgomnb8e-ccfd87ec9580739a79721d258a62f06f .av-special-heading-tag .heading-char{\nfont-size:25px;\n}\n.av-special-heading.av-lgomnb8e-ccfd87ec9580739a79721d258a62f06f .av-subheading{\nfont-size:15px;\n}\n<\/style>\n<div  class='av-special-heading av-lgomnb8e-ccfd87ec9580739a79721d258a62f06f av-special-heading-h2 blockquote modern-quote  avia-builder-el-6  el_before_av_textblock  avia-builder-el-first '><h2 class='av-special-heading-tag '  itemprop=\"headline\"  >N\u00e5r din l\u00e6ge kan ordinere en kolontransitunders\u00f8gelse med Transit-Pellets<\/h2><div class=\"special-heading-border\"><div class=\"special-heading-inner-border\"><\/div><\/div><\/div><br \/>\n<section  class='av_textblock_section av-lgomnizv-9cd3673871ea620bfd82e6b5627888fd '   itemscope=\"itemscope\" itemtype=\"https:\/\/schema.org\/CreativeWork\" ><div class='avia_textblock'  itemprop=\"text\" ><p>Generelt inkluderer den indledende h\u00e5ndtering af forstoppelse \u00e6ndringer i kost og livsstil, samt fors\u00f8g med receptfrie aff\u00f8ringsmidler s\u00e5som fiber- og ikke-absorberende kulhydrater. Hvis disse metoder viser sig ineffektive, kan en kolontransitunders\u00f8gelse med Transit-Pellets-kapsler udf\u00f8res. Nogle sundhedsudbydere kan ogs\u00e5 pr\u00f8ve andre behandlingsalternativer, s\u00e5som saltvandsaff\u00f8ringsmidler eller motilitetsstimulerende medicin, f\u00f8r de anbefaler en kolontransittest.<\/p>\n<\/div><\/section><\/p><\/div><\/p>\n<div  class='flex_column av-1yq2exm-dd59e76978a04900239991ba2d34958d av_one_full  avia-builder-el-8  el_after_av_one_full  el_before_av_hr  first flex_column_div  column-top-margin'     ><p>\n<style type=\"text\/css\" data-created_by=\"avia_inline_auto\" id=\"style-css-av-lgomnq0x-131241e8fdb03be4c6bebf6de7a62d08\">\n#top .av-special-heading.av-lgomnq0x-131241e8fdb03be4c6bebf6de7a62d08{\npadding-bottom:10px;\n}\nbody .av-special-heading.av-lgomnq0x-131241e8fdb03be4c6bebf6de7a62d08 .av-special-heading-tag .heading-char{\nfont-size:25px;\n}\n.av-special-heading.av-lgomnq0x-131241e8fdb03be4c6bebf6de7a62d08 .av-subheading{\nfont-size:15px;\n}\n<\/style>\n<div  class='av-special-heading av-lgomnq0x-131241e8fdb03be4c6bebf6de7a62d08 av-special-heading-h2 blockquote modern-quote  avia-builder-el-9  el_before_av_textblock  avia-builder-el-first '><h2 class='av-special-heading-tag '  itemprop=\"headline\"  >Kort historie<\/h2><div class=\"special-heading-border\"><div class=\"special-heading-inner-border\"><\/div><\/div><\/div><br \/>\n<section  class='av_textblock_section av-lgomnxta-b7d9b6aebf3bf9f58eb1f448e994d40d '   itemscope=\"itemscope\" itemtype=\"https:\/\/schema.org\/CreativeWork\" ><div class='avia_textblock'  itemprop=\"text\" ><p>Brugen af \u200b\u200bslugbare r\u00f8ntgendense mark\u00f8rer til at vurdere kolontransit har v\u00e6ret godt accepteret siden det f\u00f8rst blev beskrevet af Hinton i 1969. Testen kaldes undertiden \u201cHintons Method\u201d, men den er ogs\u00e5 kendt som Colon Transit-Pellets test, Colonic Transit Markers Study, Radiopaque Markers Test, Radio-Opaque Markers Test, ROM Test eller Bowel Motility Test. At m\u00e5le kolontransitid med r\u00f8ntgendense mark\u00f8rer anses for \u00f8jeblikket for at v\u00e6re den mest p\u00e5lidelige og sikre metode til at evaluere motilitetsforstyrrelser b\u00e5de hos voksne og b\u00f8rn.<\/p>\n<\/div><\/section><\/p><\/div><div  class='hr av-1p0rebe-79de2bf8879035ac01c8291e25aaf734 hr-default  avia-builder-el-11  el_after_av_one_full  el_before_av_one_full '><span class='hr-inner '><span class=\"hr-inner-style\"><\/span><\/span><\/div><\/p>\n<div  class='flex_column av-zv98d6-98ce93e2c3219cafab198df159652813 av_one_full  avia-builder-el-12  el_after_av_hr  el_before_av_hr  first flex_column_div  '     ><style type=\"text\/css\" data-created_by=\"avia_inline_auto\" id=\"style-css-av-lgomo9d8-293909e793d482c1fb86eae9846a0d98\">\n#top .av_textblock_section.av-lgomo9d8-293909e793d482c1fb86eae9846a0d98 .avia_textblock{\nfont-size:13px;\n}\n<\/style>\n<section  class='av_textblock_section av-lgomo9d8-293909e793d482c1fb86eae9846a0d98 '   itemscope=\"itemscope\" itemtype=\"https:\/\/schema.org\/CreativeWork\" ><div class='avia_textblock'  itemprop=\"text\" ><p>Information p\u00e5 denne hjemmeside b\u00f8r ikke bruges som erstatning for medicinsk r\u00e5dgivning fra din l\u00e6ge. Diskut\u00e9r altid diagnosticering og behandlingsinformation, herunder risici, med din l\u00e6ge. Husk p\u00e5 at al behandling og alle resultater er specifikke for den enkelte patient. Resultater kan variere.<\/p>\n<\/div><\/section><\/div>\n<div  class='hr av-2yehdm-e935e3a2ccbce7adc5bda9a23a239c62 hr-default  avia-builder-el-14  el_after_av_one_full  avia-builder-el-last '><span class='hr-inner '><span class=\"hr-inner-style\"><\/span><\/span><\/div>\n","protected":false},"excerpt":{"rendered":"","protected":false},"author":1,"featured_media":0,"parent":0,"menu_order":0,"comment_status":"closed","ping_status":"closed","template":"","meta":{"footnotes":""},"class_list":["post-15002","page","type-page","status-publish","hentry"],"_links":{"self":[{"href":"https:\/\/medifactia.com\/da\/wp-json\/wp\/v2\/pages\/15002","targetHints":{"allow":["GET"]}}],"collection":[{"href":"https:\/\/medifactia.com\/da\/wp-json\/wp\/v2\/pages"}],"about":[{"href":"https:\/\/medifactia.com\/da\/wp-json\/wp\/v2\/types\/page"}],"author":[{"embeddable":true,"href":"https:\/\/medifactia.com\/da\/wp-json\/wp\/v2\/users\/1"}],"replies":[{"embeddable":true,"href":"https:\/\/medifactia.com\/da\/wp-json\/wp\/v2\/comments?post=15002"}],"version-history":[{"count":5,"href":"https:\/\/medifactia.com\/da\/wp-json\/wp\/v2\/pages\/15002\/revisions"}],"predecessor-version":[{"id":15181,"href":"https:\/\/medifactia.com\/da\/wp-json\/wp\/v2\/pages\/15002\/revisions\/15181"}],"wp:attachment":[{"href":"https:\/\/medifactia.com\/da\/wp-json\/wp\/v2\/media?parent=15002"}],"curies":[{"name":"wp","href":"https:\/\/api.w.org\/{rel}","templated":true}]}}