{"id":15107,"date":"2023-08-09T12:06:20","date_gmt":"2023-08-09T10:06:20","guid":{"rendered":"https:\/\/medifactia.com\/cs\/gastrointestinal-disorders\/"},"modified":"2023-09-07T08:27:38","modified_gmt":"2023-09-07T06:27:38","slug":"gastrointestinal-disorders","status":"publish","type":"page","link":"https:\/\/medifactia.com\/cs\/gastrointestinal-disorders\/","title":{"rendered":"Gastrointestinal Disorders"},"content":{"rendered":"<div  class='flex_column av-vcawky-18c8b3091d7005a1ca2a1950ce3b99ce av_one_full  avia-builder-el-0  el_before_av_one_full  avia-builder-el-first  first flex_column_div  '     ><style type=\"text\/css\" data-created_by=\"avia_inline_auto\" id=\"style-css-av-ll3mun2f-1ad3307a97f9fed1709524694a3a4431\">\n.avia-image-container.av-ll3mun2f-1ad3307a97f9fed1709524694a3a4431 img.avia_image{\nbox-shadow:none;\n}\n.avia-image-container.av-ll3mun2f-1ad3307a97f9fed1709524694a3a4431 .av-image-caption-overlay-center{\ncolor:#ffffff;\n}\n<\/style>\n<div  class='avia-image-container av-ll3mun2f-1ad3307a97f9fed1709524694a3a4431 av-styling- avia-align-center  avia-builder-el-1  avia-builder-el-no-sibling '   itemprop=\"image\" itemscope=\"itemscope\" itemtype=\"https:\/\/schema.org\/ImageObject\" ><div class=\"avia-image-container-inner\"><div class=\"avia-image-overlay-wrap\"><img decoding=\"async\" fetchpriority=\"high\" class='wp-image- avia-img-lazy-loading-not- avia_image ' src=\"https:\/\/medifactia.com\/wp-content\/uploads\/2023\/08\/Man_Toilet-scaled.jpg\" alt='' title=''   itemprop=\"thumbnailUrl\"  \/><\/div><\/div><\/div><\/div>\n<div  class='flex_column av-w7sqhe-d5fa4e22da3a538d13f5d1a26f7242b8 av_one_full  avia-builder-el-2  el_after_av_one_full  el_before_av_one_full  first flex_column_div  column-top-margin'     ><p>\n<style type=\"text\/css\" data-created_by=\"avia_inline_auto\" id=\"style-css-av-ll3mj5e5-a5b641fae72a2863a1c7d873d3074fb9\">\n#top .av-special-heading.av-ll3mj5e5-a5b641fae72a2863a1c7d873d3074fb9{\npadding-bottom:10px;\n}\nbody .av-special-heading.av-ll3mj5e5-a5b641fae72a2863a1c7d873d3074fb9 .av-special-heading-tag .heading-char{\nfont-size:25px;\n}\n.av-special-heading.av-ll3mj5e5-a5b641fae72a2863a1c7d873d3074fb9 .av-subheading{\nfont-size:15px;\n}\n<\/style>\n<div  class='av-special-heading av-ll3mj5e5-a5b641fae72a2863a1c7d873d3074fb9 av-special-heading-h1 blockquote modern-quote  avia-builder-el-3  el_before_av_textblock  avia-builder-el-first '><h1 class='av-special-heading-tag '  itemprop=\"headline\"  >Funk\u010dn\u00ed gastrointestin\u00e1ln\u00ed poruchy (FGID)<\/h1><div class=\"special-heading-border\"><div class=\"special-heading-inner-border\"><\/div><\/div><\/div><br \/>\n<section  class='av_textblock_section av-ll3mjwks-09a5b05a5d63f4e17acda3f0982bb6b5 '   itemscope=\"itemscope\" itemtype=\"https:\/\/schema.org\/CreativeWork\" ><div class='avia_textblock'  itemprop=\"text\" ><p>Funk\u010dn\u00ed gastrointestin\u00e1ln\u00ed poruchy jsou charakterizov\u00e1ny chronick\u00fdmi (dlouhodob\u00fdmi) tr\u00e1vic\u00edmi obt\u00ed\u017eemi, kter\u00e9 vznikaj\u00ed v d\u016fsledku spr\u00e1vn\u00e9ho \u010di nespr\u00e1vn\u00e9ho fungov\u00e1n\u00ed tr\u00e1vic\u00edho syst\u00e9mu.<\/p>\n<p>Funk\u010dn\u00ed gastrointestin\u00e1ln\u00ed a motilitn\u00ed poruchy jsou nejb\u011b\u017en\u011bj\u0161\u00edmi tr\u00e1vic\u00edmi probl\u00e9my v populaci obecn\u011b. O\u010dek\u00e1v\u00e1 se, \u017ee t\u011bmito probl\u00e9my m\u016f\u017ee trp\u011bt zhruba 1 z 4 jednotlivc\u016f, nebo dokonce v\u00edce. Tyto stavy tvo\u0159\u00ed p\u0159ibli\u017en\u011b 40% tr\u00e1vic\u00edch probl\u00e9m\u016f, kter\u00fdm l\u00e9ka\u0159i a terapeuti pom\u00e1haj\u00ed pacient\u016fm.<\/p>\n<p>Term\u00edn \u201efunk\u010dn\u00ed\u201c se obvykle pou\u017e\u00edv\u00e1 k popisu poruch, p\u0159i kter\u00fdch jsou naru\u0161eny norm\u00e1ln\u00ed funkce pohybu st\u0159ev, citlivost nerv\u016f st\u0159ev nebo kontrola t\u011bchto aktivit mozkem.<\/p>\n<p>N\u011bkter\u00e9 z nejb\u011b\u017en\u011bj\u0161\u00edch funk\u010dn\u00edch gastrointestin\u00e1ln\u00edch poruch zahrnuj\u00ed funk\u010dn\u00ed z\u00e1cpu, funk\u010dn\u00ed pr\u016fjem a syndrom dr\u00e1\u017ediv\u00e9ho tra\u010dn\u00edku (IBS).<\/p>\n<\/div><\/section><\/p><\/div><div  class='flex_column av-1jtmvde-84260a62ab92da9de2ba17cb9d8eef8a av_one_full  avia-builder-el-5  el_after_av_one_full  el_before_av_one_full  first flex_column_div  column-top-margin'     ><p>\n<style type=\"text\/css\" data-created_by=\"avia_inline_auto\" id=\"style-css-av-ll3ml4jh-e085e5f86a9903cd812dfe0cd6b50848\">\n#top .av-special-heading.av-ll3ml4jh-e085e5f86a9903cd812dfe0cd6b50848{\npadding-bottom:10px;\n}\nbody .av-special-heading.av-ll3ml4jh-e085e5f86a9903cd812dfe0cd6b50848 .av-special-heading-tag .heading-char{\nfont-size:25px;\n}\n.av-special-heading.av-ll3ml4jh-e085e5f86a9903cd812dfe0cd6b50848 .av-subheading{\nfont-size:15px;\n}\n<\/style>\n<div  class='av-special-heading av-ll3ml4jh-e085e5f86a9903cd812dfe0cd6b50848 av-special-heading-h2 blockquote modern-quote  avia-builder-el-6  el_before_av_textblock  avia-builder-el-first '><h2 class='av-special-heading-tag '  itemprop=\"headline\"  >Chronick\u00e1 z\u00e1cpa<\/h2><div class=\"special-heading-border\"><div class=\"special-heading-inner-border\"><\/div><\/div><\/div><br \/>\n<section  class='av_textblock_section av-ll3mm5zg-9d3204f66358feaa956605b5c8930f49 '   itemscope=\"itemscope\" itemtype=\"https:\/\/schema.org\/CreativeWork\" ><div class='avia_textblock'  itemprop=\"text\" ><p>Chronick\u00e1 z\u00e1cpa se t\u00fdk\u00e1 trval\u00e9ho v\u00fdskytu vz\u00e1cn\u00fdch stolicek nebo obt\u00ed\u017en\u00e9ho vyprazd\u0148ov\u00e1n\u00ed po del\u0161\u00ed dobu, obvykle trvaj\u00edc\u00ed n\u011bkolik t\u00fddn\u016f nebo d\u00e9le. \u010casto je charakterizov\u00e1na m\u00e9n\u011b ne\u017e t\u0159emi stolicemi t\u00fddn\u011b. Zat\u00edmco ob\u010dasn\u00e1 z\u00e1cpa je b\u011b\u017en\u00fdm probl\u00e9mem u dosp\u011bl\u00fdch i d\u011bt\u00ed, n\u011bkte\u0159\u00ed jedinci mohou trp\u011bt chronickou z\u00e1cpou, kter\u00e1 v\u00fdznamn\u011b ovliv\u0148uje jejich ka\u017edodenn\u00ed rutinu.<\/p>\n<p>P\u0159\u00edznaky a symptomy chronick\u00e9 z\u00e1cpy zahrnuj\u00ed:<\/p>\n<ul>\n<li>M\u00edt m\u00e9n\u011b ne\u017e t\u0159i stolice t\u00fddn\u011b<\/li>\n<li>Zku\u0161enost s hrub\u00fdmi nebo tvrd\u00fdmi stolicemi<\/li>\n<li>Nam\u00e1h\u00e1n\u00ed b\u011bhem stolice<\/li>\n<li>Pocit blok\u00e1dy v kone\u010dn\u00edku, kter\u00fd br\u00e1n\u00ed stolici<\/li>\n<li>Pocit nedokon\u010den\u00e9ho vyprazd\u0148ov\u00e1n\u00ed kone\u010dn\u00edku po stolici<\/li>\n<li>Pot\u0159eba asistence p\u0159i vyprazd\u0148ov\u00e1n\u00ed kone\u010dn\u00edku, co\u017e m\u016f\u017ee zahrnovat tlak na b\u0159icho nebo manu\u00e1ln\u00ed odstran\u011bn\u00ed stolice prstem<\/li>\n<\/ul>\n<p>Z\u00e1cpa m\u016f\u017ee b\u00fdt klasifikov\u00e1na jako chronick\u00e1, pokud jste trvale za posledn\u00ed t\u0159i m\u011bs\u00edce za\u017e\u00edvali dva nebo v\u00edce t\u011bchto p\u0159\u00edznak\u016f. Chronick\u00e1 z\u00e1cpa, kter\u00e1 je dlouhodob\u00e1 nebo se neust\u00e1le vrac\u00ed, vy\u017eaduje v\u00edce \u00fasil\u00ed p\u0159i diagnostice a l\u00e9\u010db\u011b.<\/p>\n<\/div><\/section><\/p><\/div><div  class='flex_column av-10x8p8y-a287594219392dd62ffb17dd326eb404 av_one_full  avia-builder-el-8  el_after_av_one_full  el_before_av_one_full  first flex_column_div  column-top-margin'     ><p>\n<style type=\"text\/css\" data-created_by=\"avia_inline_auto\" id=\"style-css-av-ll3mmuxz-71c3794f2080ffc2bc6c15aa8e3c55bb\">\n#top .av-special-heading.av-ll3mmuxz-71c3794f2080ffc2bc6c15aa8e3c55bb{\npadding-bottom:10px;\n}\nbody .av-special-heading.av-ll3mmuxz-71c3794f2080ffc2bc6c15aa8e3c55bb .av-special-heading-tag .heading-char{\nfont-size:25px;\n}\n.av-special-heading.av-ll3mmuxz-71c3794f2080ffc2bc6c15aa8e3c55bb .av-subheading{\nfont-size:15px;\n}\n<\/style>\n<div  class='av-special-heading av-ll3mmuxz-71c3794f2080ffc2bc6c15aa8e3c55bb av-special-heading-h2 blockquote modern-quote  avia-builder-el-9  el_before_av_textblock  avia-builder-el-first '><h2 class='av-special-heading-tag '  itemprop=\"headline\"  >Chronick\u00fd pr\u016fjem<\/h2><div class=\"special-heading-border\"><div class=\"special-heading-inner-border\"><\/div><\/div><\/div><br \/>\n<section  class='av_textblock_section av-ll3mngxy-a721c813b549503bdadf87aa9a586981 '   itemscope=\"itemscope\" itemtype=\"https:\/\/schema.org\/CreativeWork\" ><div class='avia_textblock'  itemprop=\"text\" ><p>Pr\u016fjem je b\u011b\u017en\u00fdm stavem charakterizovan\u00fdm \u010dast\u00fdm vylu\u010dov\u00e1n\u00edm \u0159\u00eddk\u00fdch nebo vodnat\u00fdch stolic. M\u016f\u017ee se objevit samostatn\u011b nebo spolu s dal\u0161\u00edmi p\u0159\u00edznaky jako nevolnost, zvracen\u00ed, bolest b\u0159icha nebo ztr\u00e1ta hmotnosti. Akutn\u00ed pr\u016fjem zmiz\u00ed do n\u011bkolika t\u00fddn\u016f a st\u00e1v\u00e1 se chronick\u00fdm, kdy\u017e trv\u00e1 d\u00e9le ne\u017e 3\u20134 t\u00fddny. Pokud po d\u016fkladn\u00e9m vy\u0161et\u0159en\u00ed nen\u00ed nalezena \u017e\u00e1dn\u00e1 konkr\u00e9tn\u00ed p\u0159\u00ed\u010dina a spl\u0148uj\u00ed se ur\u010dit\u00e9 krit\u00e9ria, m\u016f\u017ee b\u00fdt zv\u00e1\u017eena diagn\u00f3za funk\u010dn\u00edho nebo chronick\u00e9ho pr\u016fjmu.<\/p>\n<\/div><\/section><\/p><\/div><div  class='flex_column av-odeu9e-1af2c6b1ea3ecce6454987834f5d3f60 av_one_full  avia-builder-el-11  el_after_av_one_full  el_before_av_hr  first flex_column_div  column-top-margin'     ><p>\n<style type=\"text\/css\" data-created_by=\"avia_inline_auto\" id=\"style-css-av-ll3mnsx7-31190915a245feffa4f510f14abdc444\">\n#top .av-special-heading.av-ll3mnsx7-31190915a245feffa4f510f14abdc444{\npadding-bottom:10px;\n}\nbody .av-special-heading.av-ll3mnsx7-31190915a245feffa4f510f14abdc444 .av-special-heading-tag .heading-char{\nfont-size:25px;\n}\n.av-special-heading.av-ll3mnsx7-31190915a245feffa4f510f14abdc444 .av-subheading{\nfont-size:15px;\n}\n<\/style>\n<div  class='av-special-heading av-ll3mnsx7-31190915a245feffa4f510f14abdc444 av-special-heading-h2 blockquote modern-quote  avia-builder-el-12  el_before_av_textblock  avia-builder-el-first '><h2 class='av-special-heading-tag '  itemprop=\"headline\"  >Syndrom dr\u00e1\u017ediv\u00e9ho tra\u010dn\u00edku (IBS)<\/h2><div class=\"special-heading-border\"><div class=\"special-heading-inner-border\"><\/div><\/div><\/div><br \/>\n<section  class='av_textblock_section av-ll3moucw-f006b17506cdf3fdefa27ebc084bed11 '   itemscope=\"itemscope\" itemtype=\"https:\/\/schema.org\/CreativeWork\" ><div class='avia_textblock'  itemprop=\"text\" ><p>Syndrom dr\u00e1\u017ediv\u00e9ho tra\u010dn\u00edku (IBS) je \u010dast\u00fdm onemocn\u011bn\u00edm, kter\u00e9 postihuje \u017ealudek a st\u0159eva, naz\u00fdvan\u00e9 tak\u00e9 tr\u00e1vic\u00ed trakt. Jeho p\u0159\u00edznaky zahrnuj\u00ed k\u0159e\u010de, bolesti b\u0159icha, nad\u00fdm\u00e1n\u00ed, nadm\u011brnou tvorbu plynu a st\u0159\u00eddaj\u00edc\u00ed se epizody pr\u016fjmu a z\u00e1cpy nebo ob\u010das oboje. IBS je chronick\u00fd stav, kter\u00fd vy\u017eaduje dlouhodobou p\u00e9\u010di pro efektivn\u00ed \u0159e\u0161en\u00ed jeho p\u0159\u00edznak\u016f. V\u00fdznamn\u00e9 mno\u017estv\u00ed jedinc\u016f trp\u00edc\u00edch st\u0159edn\u00edmi a\u017e t\u011b\u017ek\u00fdmi projevy IBS hl\u00e1s\u00ed \u0161patnou kvalitu \u017eivota. P\u0159\u00edznaky IBS se mohou li\u0161it a obvykle trvaj\u00ed dlouhou dobu. Nejb\u011b\u017en\u011bj\u0161\u00edmi p\u0159\u00edznaky jsou:<\/p>\n<ul>\n<li>Bolest b\u0159icha, k\u0159e\u010de nebo nad\u00fdm\u00e1n\u00ed spojen\u00e9 s vyprazd\u0148ov\u00e1n\u00edm st\u0159ev<\/li>\n<li>Zm\u011bny vzhledu stolice<\/li>\n<li>Zm\u011bny v \u010detnosti stolice<\/li>\n<\/ul>\n<p>Dal\u0161\u00ed souvisej\u00edc\u00ed symptomy mohou zahrnovat pocit nedokon\u010den\u00e9ho vyprazd\u0148ov\u00e1n\u00ed a zv\u00fd\u0161enou p\u0159\u00edtomnost plynu nebo hlenu ve stolici.<\/p>\n<p>Existuje \u010dty\u0159i typy IBS. Ka\u017ed\u00fd typ je pojmenov\u00e1n podle sv\u00fdch nejb\u011b\u017en\u011bj\u0161\u00edch obt\u00ed\u017e\u00ed, v\u010detn\u011b IBS s p\u0159evahou z\u00e1cpy (IBS-C), IBS s p\u0159evahou pr\u016fjmu (IBS-D), sm\u00ed\u0161en\u00fd typ IBS (IBS-M) a IBS nespecifikovan\u00fd.<\/p>\n<\/div><\/section><\/p><\/div><div  class='hr av-5bf71u-0fc17794266e30ad9cc5c4260e9df573 hr-default  avia-builder-el-14  el_after_av_one_full  el_before_av_one_full '><span class='hr-inner '><span class=\"hr-inner-style\"><\/span><\/span><\/div><\/p>\n<div  class='flex_column av-16qxkia-ddb7daef80a5c3df972f5cad8e8e623c av_one_full  avia-builder-el-15  el_after_av_hr  el_before_av_hr  first flex_column_div  '     ><style type=\"text\/css\" data-created_by=\"avia_inline_auto\" id=\"style-css-av-ll3mqg6q-8f918120bac479fde7502dabee2ce1c4\">\n#top .av_textblock_section.av-ll3mqg6q-8f918120bac479fde7502dabee2ce1c4 .avia_textblock{\nfont-size:13px;\n}\n<\/style>\n<section  class='av_textblock_section av-ll3mqg6q-8f918120bac479fde7502dabee2ce1c4 '   itemscope=\"itemscope\" itemtype=\"https:\/\/schema.org\/CreativeWork\" ><div class='avia_textblock'  itemprop=\"text\" ><p>Informace na t\u00e9to str\u00e1nce by nem\u011bly b\u00fdt pou\u017eity jako n\u00e1hrada za l\u00e9ka\u0159sk\u00e9 rady od va\u0161eho l\u00e9ka\u0159e. V\u017edy diskutujte informace o diagn\u00f3ze a l\u00e9\u010db\u011b v\u010detn\u011b rizik se sv\u00fdm l\u00e9ka\u0159em. Pamatujte, \u017ee v\u0161echny v\u00fdsledky l\u00e9\u010dby a v\u00fdsledky jsou specifick\u00e9 pro jednotliv\u00e9ho pacienta.<\/p>\n<\/div><\/section><\/div><div  class='hr av-rtsaj6-d528e2842421b0c713aa5dafb313b352 hr-default  avia-builder-el-17  el_after_av_one_full  el_before_av_one_full '><span class='hr-inner '><span class=\"hr-inner-style\"><\/span><\/span><\/div><\/p>\n<div  class='flex_column av-jpilo2-80d69019b04e3fe061eaa22def74707d av_one_full  avia-builder-el-18  el_after_av_hr  avia-builder-el-last  first flex_column_div  '     ><style type=\"text\/css\" data-created_by=\"avia_inline_auto\" id=\"style-css-av-ll3msqtb-33b63a6eac43cd7ee4bdd225ddc31726\">\n#top .av_textblock_section.av-ll3msqtb-33b63a6eac43cd7ee4bdd225ddc31726 .avia_textblock{\nfont-size:12px;\ncolor:#707070;\n}\n<\/style>\n<section  class='av_textblock_section av-ll3msqtb-33b63a6eac43cd7ee4bdd225ddc31726 '   itemscope=\"itemscope\" itemtype=\"https:\/\/schema.org\/CreativeWork\" ><div class='avia_textblock av_inherit_color'  itemprop=\"text\" ><p>Aziz, I., Whitehead, W.E., Palsson, O., T\u00f6rnblom, H. &amp; Simr\u00e9n, M. (2020). Expert Review of Gastroenterology &amp; Hepatology. An approach to the diagnosis and management of Rome IV functional disorders of chronic constipation [electronic version]. Taylor &amp; Francis Group, Vol. no. 14, 1-8.<\/p>\n<p>Drossman DA., et al. (2016). Rome IV, the functional gastrointestinal disorders. Gastroenterology. Vol. 150:1262-1279.<\/p>\n<p>Keller, J., Bassotti, G., Clarke, J., et al. (2018). EXPERT CONSENCUS DOCUMENT. Advances in the diagnosis and classification of gastric and intestinal motility disorders [electronic version]. Nat Rev Gastroenterol Hepatol., Vol. 15(5), 291-308.<\/p>\n<p>Sperber, AD., et al. (2021). Worldwide Prevalence and Burden of Functional Gastrointestinal Disorders, Results of Rome Foundation Global Study. Gastroenterology. Vol. 160:99-114.<\/p>\n<\/div><\/section><\/div>\n","protected":false},"excerpt":{"rendered":"","protected":false},"author":1,"featured_media":0,"parent":0,"menu_order":0,"comment_status":"closed","ping_status":"closed","template":"","meta":{"footnotes":""},"class_list":["post-15107","page","type-page","status-publish","hentry"],"_links":{"self":[{"href":"https:\/\/medifactia.com\/cs\/wp-json\/wp\/v2\/pages\/15107","targetHints":{"allow":["GET"]}}],"collection":[{"href":"https:\/\/medifactia.com\/cs\/wp-json\/wp\/v2\/pages"}],"about":[{"href":"https:\/\/medifactia.com\/cs\/wp-json\/wp\/v2\/types\/page"}],"author":[{"embeddable":true,"href":"https:\/\/medifactia.com\/cs\/wp-json\/wp\/v2\/users\/1"}],"replies":[{"embeddable":true,"href":"https:\/\/medifactia.com\/cs\/wp-json\/wp\/v2\/comments?post=15107"}],"version-history":[{"count":3,"href":"https:\/\/medifactia.com\/cs\/wp-json\/wp\/v2\/pages\/15107\/revisions"}],"predecessor-version":[{"id":15115,"href":"https:\/\/medifactia.com\/cs\/wp-json\/wp\/v2\/pages\/15107\/revisions\/15115"}],"wp:attachment":[{"href":"https:\/\/medifactia.com\/cs\/wp-json\/wp\/v2\/media?parent=15107"}],"curies":[{"name":"wp","href":"https:\/\/api.w.org\/{rel}","templated":true}]}}