{"id":15012,"date":"2023-04-20T07:06:58","date_gmt":"2023-04-20T05:06:58","guid":{"rendered":"https:\/\/medifactia.com\/cs\/?page_id=15012"},"modified":"2026-02-11T13:30:42","modified_gmt":"2026-02-11T12:30:42","slug":"instructions","status":"publish","type":"page","link":"https:\/\/medifactia.com\/cs\/instructions\/","title":{"rendered":"Instructions"},"content":{"rendered":"<div  class='flex_column av-c73b90k-32b807101b61b81283671ff3ca18c0a3 av_one_full  avia-builder-el-0  el_before_av_one_full  avia-builder-el-first  first flex_column_div  '     ><div  class='avia-video av-bvvtsck-3a55eb6d46f9407d03e3f315de927a6b avia-video-16-9 av-no-preview-image avia-video-load-always av-lazyload-immediate av-lazyload-video-embed'  itemprop=\"video\" itemtype=\"https:\/\/schema.org\/VideoObject\"  data-original_url='https:\/\/vimeo.com\/796097857'><script type='text\/html' class='av-video-tmpl'><div class='avia-iframe-wrap'><iframe loading=\"lazy\" title=\"Medifactia video 1 2023 ENG.mp4\" src=\"https:\/\/player.vimeo.com\/video\/796097857?h=911af83fab&amp;dnt=1&amp;app_id=122963&autoplay=0&loop=0&controls=1&muted=0\" width=\"1500\" height=\"844\" frameborder=\"0\" allow=\"autoplay; fullscreen; picture-in-picture\" allowfullscreen><\/iframe><\/div><\/script><div class='av-click-to-play-overlay'><div class=\"avia_playpause_icon\"><\/div><\/div><\/div><\/div>\n<div  class='flex_column av-b9sto9w-1584775ade061dca5a4fdae1427d5a4e av_one_full  avia-builder-el-2  el_after_av_one_full  el_before_av_one_full  first flex_column_div  column-top-margin'     ><p>\n<style type=\"text\/css\" data-created_by=\"avia_inline_auto\" id=\"style-css-av-lgonrs66-066fa68f6038f6fd569aea06f11609cf\">\n#top .av-special-heading.av-lgonrs66-066fa68f6038f6fd569aea06f11609cf{\npadding-bottom:10px;\n}\nbody .av-special-heading.av-lgonrs66-066fa68f6038f6fd569aea06f11609cf .av-special-heading-tag .heading-char{\nfont-size:25px;\n}\n.av-special-heading.av-lgonrs66-066fa68f6038f6fd569aea06f11609cf .av-subheading{\nfont-size:15px;\n}\n<\/style>\n<div  class='av-special-heading av-lgonrs66-066fa68f6038f6fd569aea06f11609cf av-special-heading-h1 blockquote modern-quote  avia-builder-el-3  el_before_av_textblock  avia-builder-el-first '><h1 class='av-special-heading-tag '  itemprop=\"headline\"  >Instrukce pro spr\u00e1vn\u00e9 u\u017eit\u00ed Transit-Pellets<\/h1><div class=\"special-heading-border\"><div class=\"special-heading-inner-border\"><\/div><\/div><\/div><br \/>\n<section  class='av_textblock_section av-lgonsfnj-ad4225ccf501b464ca9d562af563a8f5 '   itemscope=\"itemscope\" itemtype=\"https:\/\/schema.org\/CreativeWork\" ><div class='avia_textblock'  itemprop=\"text\" ><p>Testy s markerama Transit-Pellets jsou p\u0159edeps\u00e1ny l\u00e9ka\u0159em pro pou\u017eit\u00ed pacienty doma. Pacient po dobu \u0161esti po sob\u011b jdouc\u00edch dn\u00ed spolkne markery Transit-Pellets obsa\u017een\u00e9 v sedmi kapsl\u00edch HPMC (hydroxypropylmethylcelul\u00f3za) a sedm\u00e9ho dne se provede abdomin\u00e1ln\u00ed rentgen.<\/p>\n<p>Aby bylo zaji\u0161t\u011bno spr\u00e1vn\u00e9 a bezpe\u010dn\u00e9 u\u017e\u00edv\u00e1n\u00ed Transit-Pellets, je d\u016fle\u017eit\u00e9 d\u016fkladn\u011b prohl\u00e9dnout n\u00e1vod k pou\u017eit\u00ed (IFU) Transit-Pellets p\u0159ed zah\u00e1jen\u00edm u\u017e\u00edv\u00e1n\u00ed. M\u016f\u017eete se k n\u011bmu p\u0159\u00edmo dostat pomoc\u00ed <a href=\"https:\/\/medifactia.com\/wp-content\/uploads\/2026\/02\/0074-IFU-International-ver05.pdf\" target=\"_blank\" rel=\"noopener\">TOTO ODKAZU<\/a>. Pros\u00edm, uv\u011bdomte si, \u017ee IFU Transit-Pellets m\u016f\u017ee b\u00fdt zm\u011bn\u011bn. Nejnov\u011bj\u0161\u00ed verze je v\u017edy k dispozici na t\u00e9to str\u00e1nce.<\/p>\n<\/div><\/section><\/p><\/div><div  class='flex_column av-b07zep0-ef03320baa4437fc8f140c62ce4cb7ca av_one_full  avia-builder-el-5  el_after_av_one_full  el_before_av_hr  first flex_column_div  column-top-margin'     ><p>\n<style type=\"text\/css\" data-created_by=\"avia_inline_auto\" id=\"style-css-av-lgonso41-8d463b2126fc688f55326fe5fa4bec11\">\n#top .av-special-heading.av-lgonso41-8d463b2126fc688f55326fe5fa4bec11{\npadding-bottom:10px;\n}\nbody .av-special-heading.av-lgonso41-8d463b2126fc688f55326fe5fa4bec11 .av-special-heading-tag .heading-char{\nfont-size:25px;\n}\n.av-special-heading.av-lgonso41-8d463b2126fc688f55326fe5fa4bec11 .av-subheading{\nfont-size:15px;\n}\n<\/style>\n<div  class='av-special-heading av-lgonso41-8d463b2126fc688f55326fe5fa4bec11 av-special-heading-h2 blockquote modern-quote  avia-builder-el-6  el_before_av_textblock  avia-builder-el-first '><h2 class='av-special-heading-tag '  itemprop=\"headline\"  >Zajist\u011bte p\u0159esn\u00e9 v\u00fdsledky: Dodr\u017eujte p\u0159edepsan\u00e9 instrukce<\/h2><div class=\"special-heading-border\"><div class=\"special-heading-inner-border\"><\/div><\/div><\/div><br \/>\n<section  class='av_textblock_section av-lgont03r-26788d375f1ce2df425a9d445eceb035 '   itemscope=\"itemscope\" itemtype=\"https:\/\/schema.org\/CreativeWork\" ><div class='avia_textblock'  itemprop=\"text\" ><p><img decoding=\"async\" class=\"alignright size-full wp-image-15198\" style=\"margin-left: 25px; margin-bottom: 30px;\" src=\"https:\/\/medifactia.com\/us\/wp-content\/uploads\/sites\/2\/2023\/02\/Transit-Pellets-Blister-gray.png\" alt=\"\" width=\"120\" \/>Je d\u016fle\u017eit\u00e9 dodr\u017eovat p\u0159edepsan\u00e9 d\u00e1vkov\u00e1n\u00ed marker\u016f, aby se zajistily p\u0159esn\u00e9 v\u00fdsledky. Jedna kapsle Transit-Pellets by m\u011bla b\u00fdt u\u017e\u00edv\u00e1na ka\u017ed\u00fd den od prvn\u00edho do p\u00e1t\u00e9ho dne. \u0160est\u00e9ho dne by m\u011bla b\u00fdt jedna kapsle u\u017eita r\u00e1no s ozna\u010den\u00edm \u201d6:1\u201d a jedna kapsle by m\u011bla b\u00fdt u\u017eita ve\u010der s ozna\u010den\u00edm \u201d6:2\u201d.<\/p>\n<p>Aby byla zaji\u0161t\u011bna p\u0159esnost m\u011b\u0159en\u00ed, je d\u016fle\u017eit\u00e9 napl\u00e1novat radiologick\u00e9 vy\u0161et\u0159en\u00ed v odpov\u00eddaj\u00edc\u00edm \u010dase vzhledem k posledn\u00ed d\u00e1vce markeru na \u0161est\u00fd den s ozna\u010den\u00edm \u201d6:2\u201d. To znamen\u00e1, \u017ee rentgen by m\u011bl b\u00fdt napl\u00e1nov\u00e1n p\u0159ibli\u017en\u011b 12 hodin po posledn\u00ed d\u00e1vce markeru, kter\u00e1 byla u\u017eita ve\u010der \u0161est\u00e9ho dne. N\u00e1sleduj\u00edc\u00ed tabulka poskytuje u\u017eite\u010dnou referenci.<\/p>\n<\/div><\/section><br \/>\n<div class='avia-data-table-wrap av-112pvj8-ee13f7a3059441ec57c71050a68e87cc avia_responsive_table avia-table-1'><table  class='avia-table avia-data-table avia_pricing_default  avia-builder-el-8  el_after_av_textblock  avia-builder-el-last '  itemscope=\"itemscope\" itemtype=\"https:\/\/schema.org\/Table\" ><tbody><tr class='avia-heading-row'><th class=''>Den 1 (Polykejte kapsli \u010d. 1)<\/th><th class=''>Den 7 (Rentgen)<\/th><\/tr><tr class=''><td class=''>\u00dater\u00fd<\/td><td class=''>Pond\u011bl\u00ed<\/td><\/tr><tr class=''><td class=''>St\u0159eda<\/td><td class=''>\u00dater\u00fd<\/td><\/tr><tr class=''><td class=''>\u010ctvrtek<\/td><td class=''>St\u0159eda<\/td><\/tr><tr class=''><td class=''>P\u00e1tek<\/td><td class=''>\u010ctvrtek<\/td><\/tr><tr class=''><td class=''>Sobota<\/td><td class=''>P\u00e1tek<\/td><\/tr><\/tbody><\/table><\/div><style type='text\/css'>.avia-table-1 td:nth-of-type(1):before { content: 'Den 1 (Polykejte kapsli \u010d. 1)'; } .avia-table-1 td:nth-of-type(2):before { content: 'Den 7 (Rentgen)'; } <\/style><\/p><\/div><\/p>\n<div  class='hr av-1mb8lfo-77f8b3eb5032d3c888f2802a2a25a6a1 hr-default  avia-builder-el-9  el_after_av_one_full  el_before_av_one_full '><span class='hr-inner '><span class=\"hr-inner-style\"><\/span><\/span><\/div>\n<div  class='flex_column av-113yvwk-5a3bc03315a2213816df5016a4f9f148 av_one_full  avia-builder-el-10  el_after_av_hr  el_before_av_hr  first flex_column_div  '     ><style type=\"text\/css\" data-created_by=\"avia_inline_auto\" id=\"style-css-av-lgonulxp-16b22837cb2d113475d99f07e34191ba\">\n#top .av_textblock_section.av-lgonulxp-16b22837cb2d113475d99f07e34191ba .avia_textblock{\nfont-size:13px;\n}\n<\/style>\n<section  class='av_textblock_section av-lgonulxp-16b22837cb2d113475d99f07e34191ba '   itemscope=\"itemscope\" itemtype=\"https:\/\/schema.org\/CreativeWork\" ><div class='avia_textblock'  itemprop=\"text\" ><p>Informace na t\u00e9to str\u00e1nce by nem\u011bly b\u00fdt pou\u017eity jako n\u00e1hrada za l\u00e9ka\u0159sk\u00e9 rady od va\u0161eho l\u00e9ka\u0159e. V\u017edy diskutujte informace o diagn\u00f3ze a l\u00e9\u010db\u011b v\u010detn\u011b rizik se sv\u00fdm l\u00e9ka\u0159em. Pamatujte, \u017ee v\u0161echny v\u00fdsledky l\u00e9\u010dby a v\u00fdsledky jsou specifick\u00e9 pro jednotliv\u00e9ho pacienta. V\u00fdsledky se mohou li\u0161it.<\/p>\n<\/div><\/section><\/div>\n<div  class='hr av-1wcvtw-6afe7383b7ed9357c009a44c63fba96d hr-default  avia-builder-el-12  el_after_av_one_full  avia-builder-el-last '><span class='hr-inner '><span class=\"hr-inner-style\"><\/span><\/span><\/div>\n","protected":false},"excerpt":{"rendered":"","protected":false},"author":1,"featured_media":0,"parent":0,"menu_order":0,"comment_status":"closed","ping_status":"closed","template":"","meta":{"footnotes":""},"class_list":["post-15012","page","type-page","status-publish","hentry"],"_links":{"self":[{"href":"https:\/\/medifactia.com\/cs\/wp-json\/wp\/v2\/pages\/15012","targetHints":{"allow":["GET"]}}],"collection":[{"href":"https:\/\/medifactia.com\/cs\/wp-json\/wp\/v2\/pages"}],"about":[{"href":"https:\/\/medifactia.com\/cs\/wp-json\/wp\/v2\/types\/page"}],"author":[{"embeddable":true,"href":"https:\/\/medifactia.com\/cs\/wp-json\/wp\/v2\/users\/1"}],"replies":[{"embeddable":true,"href":"https:\/\/medifactia.com\/cs\/wp-json\/wp\/v2\/comments?post=15012"}],"version-history":[{"count":3,"href":"https:\/\/medifactia.com\/cs\/wp-json\/wp\/v2\/pages\/15012\/revisions"}],"predecessor-version":[{"id":15182,"href":"https:\/\/medifactia.com\/cs\/wp-json\/wp\/v2\/pages\/15012\/revisions\/15182"}],"wp:attachment":[{"href":"https:\/\/medifactia.com\/cs\/wp-json\/wp\/v2\/media?parent=15012"}],"curies":[{"name":"wp","href":"https:\/\/api.w.org\/{rel}","templated":true}]}}