{"id":15009,"date":"2023-04-20T07:03:05","date_gmt":"2023-04-20T05:03:05","guid":{"rendered":"https:\/\/medifactia.com\/cs\/?page_id=15009"},"modified":"2026-02-11T08:42:38","modified_gmt":"2026-02-11T07:42:38","slug":"colon-transit-markers","status":"publish","type":"page","link":"https:\/\/medifactia.com\/cs\/colon-transit-markers\/","title":{"rendered":"Colon Transit Markers"},"content":{"rendered":"<div  class='flex_column av-4oeemv5-c809413c01029518c867e13bb329d0ef av_one_full  avia-builder-el-0  el_before_av_one_full  avia-builder-el-first  first flex_column_div  '     ><style type=\"text\/css\" data-created_by=\"avia_inline_auto\" id=\"style-css-av-lgonnefe-e94fad14e4839b7e0dee993a43f0b2d1\">\n.avia-image-container.av-lgonnefe-e94fad14e4839b7e0dee993a43f0b2d1 img.avia_image{\nbox-shadow:none;\n}\n.avia-image-container.av-lgonnefe-e94fad14e4839b7e0dee993a43f0b2d1 .av-image-caption-overlay-center{\ncolor:#ffffff;\n}\n<\/style>\n<div  class='avia-image-container av-lgonnefe-e94fad14e4839b7e0dee993a43f0b2d1 av-styling- avia-align-center  avia-builder-el-1  avia-builder-el-no-sibling '   itemprop=\"image\" itemscope=\"itemscope\" itemtype=\"https:\/\/schema.org\/ImageObject\" ><div class=\"avia-image-container-inner\"><div class=\"avia-image-overlay-wrap\"><img decoding=\"async\" fetchpriority=\"high\" class='wp-image- avia-img-lazy-loading-not- avia_image ' src=\"https:\/\/medifactia.com\/us\/wp-content\/uploads\/sites\/2\/2023\/02\/medifactia-TP-Infinit.jpg\" alt='' title=''   itemprop=\"thumbnailUrl\"  \/><\/div><\/div><\/div><\/div>\n<div  class='flex_column av-4f4cbc1-e7f849931e65ddaff5da553af151b839 av_one_full  avia-builder-el-2  el_after_av_one_full  el_before_av_hr  first flex_column_div  column-top-margin'     ><p>\n<style type=\"text\/css\" data-created_by=\"avia_inline_auto\" id=\"style-css-av-lgonnm0z-eb7d3ece26c8d8571408a2360ace3e6c\">\n#top .av-special-heading.av-lgonnm0z-eb7d3ece26c8d8571408a2360ace3e6c{\npadding-bottom:10px;\n}\nbody .av-special-heading.av-lgonnm0z-eb7d3ece26c8d8571408a2360ace3e6c .av-special-heading-tag .heading-char{\nfont-size:25px;\n}\n.av-special-heading.av-lgonnm0z-eb7d3ece26c8d8571408a2360ace3e6c .av-subheading{\nfont-size:15px;\n}\n<\/style>\n<div  class='av-special-heading av-lgonnm0z-eb7d3ece26c8d8571408a2360ace3e6c av-special-heading-h1 blockquote modern-quote  avia-builder-el-3  el_before_av_textblock  avia-builder-el-first '><h1 class='av-special-heading-tag '  itemprop=\"headline\"  >Transit-Pellets popis<\/h1><div class=\"special-heading-border\"><div class=\"special-heading-inner-border\"><\/div><\/div><\/div><br \/>\n<section  class='av_textblock_section av-lgono222-aa97f996646808dbd8b60cc52627608f '   itemscope=\"itemscope\" itemtype=\"https:\/\/schema.org\/CreativeWork\" ><div class='avia_textblock'  itemprop=\"text\" ><p>Transit-Pellets se skl\u00e1daj\u00ed z mal\u00fdch r\u00f6ntgenov\u011b hust\u00fdch zna\u010dek, &#8222;pellets&#8220;, vyroben\u00fdch z barya sulf\u00e1tu (BaSO<sub>4<\/sub>) napln\u011bn\u00e9ho k\u0159em\u00edkem uvnit\u0159 tvrd\u00e9 hydropropylmetylcelul\u00f3zov\u00e9 (HPMC) kapsle. HPMC kapsle jsou bez \u017eelatiny a standardn\u00ed typ pou\u017e\u00edvan\u00fd pro l\u00e9\u010debn\u00e9 p\u0159\u00edpravky. Jejich funkc\u00ed je p\u0159epravit zna\u010dky do \u017ealudku, kde se rozpou\u0161t\u011bj\u00ed. Zna\u010dky proch\u00e1zej\u00ed tr\u00e1vic\u00edm traktem a vylu\u010duj\u00ed se ve stolici.<\/p>\n<p>Baryum sulf\u00e1t je r\u00f6ntgenov\u011b hust\u00fd materi\u00e1l, kter\u00fd se pou\u017e\u00edv\u00e1 pro rentgenov\u00e9 sn\u00edm\u00e1n\u00ed tr\u00e1vic\u00edho traktu od pion\u00fdrsk\u00fdch studi\u00ed WB Cannona v 90. letech 19. stolet\u00ed. Term\u00edn &#8222;r\u00f6ntgenov\u011b hust\u00fd&#8220; se vztahuje na materi\u00e1ly, jako je baryum sulf\u00e1t, kter\u00e9 jsou dostate\u010dn\u011b hust\u00e9, aby odolaly rentgenov\u00fdm paprsk\u016fm, kter\u00e9 na n\u011b z\u00e1\u0159\u00ed, a tak jsou viditeln\u00e9 na rentgenov\u00e9m sn\u00edmku. Pou\u017eit\u00ed r\u00f6ntgenov\u011b hust\u00fdch zna\u010dek napu\u0161t\u011bn\u00fdch baryum sulf\u00e1tem k m\u011b\u0159en\u00ed tranzitu st\u0159eva se praktikuje v\u00edce ne\u017e 45 let. Silikon je tak\u00e9 \u0161iroce pou\u017e\u00edvan\u00fd materi\u00e1l v mnoha aplikac\u00edch medic\u00ednsk\u00fdch technologi\u00ed.<\/p>\n<\/div><\/section><\/p><\/div>\n\n<style type=\"text\/css\" data-created_by=\"avia_inline_auto\" id=\"style-css-av-e74yf5-cb20fe981461828cadd108f2ea8a03c0\">\n#top .hr.hr-invisible.av-e74yf5-cb20fe981461828cadd108f2ea8a03c0{\nheight:10px;\n}\n<\/style>\n<div  class='hr av-e74yf5-cb20fe981461828cadd108f2ea8a03c0 hr-invisible  avia-builder-el-5  el_after_av_one_full  el_before_av_three_fifth '><span class='hr-inner '><span class=\"hr-inner-style\"><\/span><\/span><\/div>\n<div  class='flex_column av-3jikyap-60acd240e9ef07375ab5f2fd3dc1f242 av_three_fifth  avia-builder-el-6  el_after_av_hr  el_before_av_two_fifth  first flex_column_div  '     ><section  class='av_textblock_section av-lgonoda6-87dd4733b9a21dde198f636ba15e94cf '   itemscope=\"itemscope\" itemtype=\"https:\/\/schema.org\/CreativeWork\" ><div class='avia_textblock'  itemprop=\"text\" ><p>HPMC kapsle (velikost -00-) se skl\u00e1d\u00e1 ze dvou otev\u0159en\u00fdch v\u00e1lc\u016f, v\u00ed\u010dka a t\u011bla, kter\u00e9 se navz\u00e1jem zapadaj\u00ed. P\u011bt kapsl\u00ed obsahuje deset krou\u017ekovit\u00fdch zna\u010dek, zat\u00edmco dv\u011b kapsle obsahuj\u00ed p\u011bt trubicovit\u00fdch zna\u010dek. Transit-Pellets kapsl\u00ed se dod\u00e1vaj\u00ed v blistrov\u00e9 balen\u00ed um\u00edst\u011bn\u00e9m uvnit\u0159 krabice.<\/p>\n<p>Transit-Pellets kapsl\u00ed se dod\u00e1vaj\u00ed v blistrov\u00e9 balen\u00ed um\u00edst\u011bn\u00e9m uvnit\u0159 krabice. Transit-Pellets maj\u00ed na den \u0161est\u00fd odli\u0161nou formu, kter\u00e1 pom\u00e1h\u00e1 l\u00e9ka\u0159i l\u00e9pe vid\u011bt ur\u010dit\u00e9 \u010d\u00e1sti tlust\u00e9ho st\u0159eva. D\u00e1vka na den \u0161est\u00fd je tak\u00e9 rozd\u011blena na rann\u00ed a ve\u010dern\u00ed d\u00e1vku a to z d\u016fvodu posouzen\u00ed, zda doch\u00e1z\u00ed k rychl\u00e9mu tranzitu tlust\u00e9ho st\u0159eva.<\/p>\n<\/div><\/section><\/div>\n\n<style type=\"text\/css\" data-created_by=\"avia_inline_auto\" id=\"style-css-av-302f6w1-47ccb2defdf0e4e4c5443f8d78c4a331\">\n.flex_column.av-302f6w1-47ccb2defdf0e4e4c5443f8d78c4a331{\npadding:10px 0 0 0;\n}\n<\/style>\n<div  class='flex_column av-302f6w1-47ccb2defdf0e4e4c5443f8d78c4a331 av_two_fifth  avia-builder-el-8  el_after_av_three_fifth  el_before_av_hr  flex_column_div  '     ><style type=\"text\/css\" data-created_by=\"avia_inline_auto\" id=\"style-css-av-lgonoinu-6ddd5a27b88f20bb1042b393f7ab7e18\">\n.avia-image-container.av-lgonoinu-6ddd5a27b88f20bb1042b393f7ab7e18 img.avia_image{\nbox-shadow:none;\n}\n.avia-image-container.av-lgonoinu-6ddd5a27b88f20bb1042b393f7ab7e18 .av-image-caption-overlay-center{\ncolor:#ffffff;\n}\n<\/style>\n<div  class='avia-image-container av-lgonoinu-6ddd5a27b88f20bb1042b393f7ab7e18 av-styling- avia-align-center  avia-builder-el-9  avia-builder-el-no-sibling '   itemprop=\"image\" itemscope=\"itemscope\" itemtype=\"https:\/\/schema.org\/ImageObject\" ><div class=\"avia-image-container-inner\"><div class=\"avia-image-overlay-wrap\"><img decoding=\"async\" fetchpriority=\"high\" class='wp-image- avia-img-lazy-loading-not- avia_image ' src=\"https:\/\/medifactia.com\/us\/wp-content\/uploads\/sites\/2\/2023\/02\/kapslar-1.jpg\" alt='' title=''   itemprop=\"thumbnailUrl\"  \/><\/div><\/div><\/div><\/div>\n\n<style type=\"text\/css\" data-created_by=\"avia_inline_auto\" id=\"style-css-av-2hzm9j5-005a895f9711aecb6f7d30425dec2c3a\">\n#top .hr.hr-invisible.av-2hzm9j5-005a895f9711aecb6f7d30425dec2c3a{\nheight:50px;\n}\n<\/style>\n<div  class='hr av-2hzm9j5-005a895f9711aecb6f7d30425dec2c3a hr-invisible  avia-builder-el-10  el_after_av_two_fifth  el_before_av_one_full '><span class='hr-inner '><span class=\"hr-inner-style\"><\/span><\/span><\/div>\n<div  class='flex_column av-22ujx7l-22471a13167c87c199f873a8627d8c1c av_one_full  avia-builder-el-11  el_after_av_hr  el_before_av_hr  first flex_column_div  '     ><p>\n<style type=\"text\/css\" data-created_by=\"avia_inline_auto\" id=\"style-css-av-lgonoqaw-09a0d026cb4495a1358a84ca9e76b45a\">\n#top .av-special-heading.av-lgonoqaw-09a0d026cb4495a1358a84ca9e76b45a{\npadding-bottom:10px;\n}\nbody .av-special-heading.av-lgonoqaw-09a0d026cb4495a1358a84ca9e76b45a .av-special-heading-tag .heading-char{\nfont-size:25px;\n}\n.av-special-heading.av-lgonoqaw-09a0d026cb4495a1358a84ca9e76b45a .av-subheading{\nfont-size:15px;\n}\n<\/style>\n<div  class='av-special-heading av-lgonoqaw-09a0d026cb4495a1358a84ca9e76b45a av-special-heading-h2 blockquote modern-quote  avia-builder-el-12  el_before_av_textblock  avia-builder-el-first '><h2 class='av-special-heading-tag '  itemprop=\"headline\"  >N\u00e1vod k pou\u017eit\u00ed Transit-Pellets<\/h2><div class=\"special-heading-border\"><div class=\"special-heading-inner-border\"><\/div><\/div><\/div><br \/>\n<section  class='av_textblock_section av-lgonpeoh-7e0091908f447a1b384d5c6698d4241e '   itemscope=\"itemscope\" itemtype=\"https:\/\/schema.org\/CreativeWork\" ><div class='avia_textblock'  itemprop=\"text\" ><p>Ka\u017ed\u00e9 balen\u00ed Transit-Pellets obsahuje n\u00e1vod k pou\u017eit\u00ed, kter\u00fd je k dispozici v a\u017e 20 r\u016fzn\u00fdch jazyc\u00edch. Je d\u016fle\u017eit\u00e9, aby u\u017eivatel Transit-Pellets p\u0159e\u010detl tuto informaci p\u0159ed zah\u00e1jen\u00edm pou\u017e\u00edv\u00e1n\u00ed produktu. N\u00e1vod k pou\u017eit\u00ed obsahuje d\u016fle\u017eit\u00e1 upozorn\u011bn\u00ed a pokyny, jak spr\u00e1vn\u011b pou\u017e\u00edvat Transit-Pellets. St\u00e1hn\u011bte si n\u00e1vod k pou\u017eit\u00ed Transit-Pellets pomoc\u00ed tohoto <a href=\"https:\/\/medifactia.com\/wp-content\/uploads\/2026\/02\/0074-IFU-International-ver05.pdf\" target=\"_blank\" rel=\"noopener\">ODKAZU<\/a>.<\/p>\n<\/div><\/section><\/p><\/div><div  class='hr av-1gi30m9-2b348f617e6779d4a1305427e081eb02 hr-default  avia-builder-el-14  el_after_av_one_full  el_before_av_one_full '><span class='hr-inner '><span class=\"hr-inner-style\"><\/span><\/span><\/div><\/p>\n<div  class='flex_column av-18ypn35-f1b30ef672a2247a70e4f3d1d92a7a50 av_one_full  avia-builder-el-15  el_after_av_hr  el_before_av_hr  first flex_column_div  '     ><style type=\"text\/css\" data-created_by=\"avia_inline_auto\" id=\"style-css-av-lgonpo40-b073d572c783e769b64394dd4b1c0f2f\">\n#top .av_textblock_section.av-lgonpo40-b073d572c783e769b64394dd4b1c0f2f .avia_textblock{\nfont-size:13px;\n}\n<\/style>\n<section  class='av_textblock_section av-lgonpo40-b073d572c783e769b64394dd4b1c0f2f '   itemscope=\"itemscope\" itemtype=\"https:\/\/schema.org\/CreativeWork\" ><div class='avia_textblock'  itemprop=\"text\" ><p>Informace na t\u00e9to str\u00e1nce by nem\u011bly b\u00fdt pou\u017eity jako n\u00e1hrada za l\u00e9ka\u0159sk\u00e9 rady od va\u0161eho l\u00e9ka\u0159e. V\u017edy diskutujte informace o diagn\u00f3ze a l\u00e9\u010db\u011b v\u010detn\u011b rizik se sv\u00fdm l\u00e9ka\u0159em. Pamatujte, \u017ee v\u0161echny v\u00fdsledky l\u00e9\u010dby a v\u00fdsledky jsou specifick\u00e9 pro jednotliv\u00e9ho pacienta. V\u00fdsledky se mohou li\u0161it.<\/p>\n<\/div><\/section><\/div>\n<div  class='hr av-nsknlt-a7a9fbdf62c70bf7ccf16119e19a5744 hr-default  avia-builder-el-17  el_after_av_one_full  avia-builder-el-last '><span class='hr-inner '><span class=\"hr-inner-style\"><\/span><\/span><\/div>\n","protected":false},"excerpt":{"rendered":"","protected":false},"author":1,"featured_media":0,"parent":0,"menu_order":0,"comment_status":"closed","ping_status":"closed","template":"","meta":{"footnotes":""},"class_list":["post-15009","page","type-page","status-publish","hentry"],"_links":{"self":[{"href":"https:\/\/medifactia.com\/cs\/wp-json\/wp\/v2\/pages\/15009","targetHints":{"allow":["GET"]}}],"collection":[{"href":"https:\/\/medifactia.com\/cs\/wp-json\/wp\/v2\/pages"}],"about":[{"href":"https:\/\/medifactia.com\/cs\/wp-json\/wp\/v2\/types\/page"}],"author":[{"embeddable":true,"href":"https:\/\/medifactia.com\/cs\/wp-json\/wp\/v2\/users\/1"}],"replies":[{"embeddable":true,"href":"https:\/\/medifactia.com\/cs\/wp-json\/wp\/v2\/comments?post=15009"}],"version-history":[{"count":3,"href":"https:\/\/medifactia.com\/cs\/wp-json\/wp\/v2\/pages\/15009\/revisions"}],"predecessor-version":[{"id":15178,"href":"https:\/\/medifactia.com\/cs\/wp-json\/wp\/v2\/pages\/15009\/revisions\/15178"}],"wp:attachment":[{"href":"https:\/\/medifactia.com\/cs\/wp-json\/wp\/v2\/media?parent=15009"}],"curies":[{"name":"wp","href":"https:\/\/api.w.org\/{rel}","templated":true}]}}