{"id":15005,"date":"2023-04-20T06:54:32","date_gmt":"2023-04-20T04:54:32","guid":{"rendered":"https:\/\/medifactia.com\/cs\/?page_id=15005"},"modified":"2024-04-25T09:40:51","modified_gmt":"2024-04-25T07:40:51","slug":"colon-transit-study","status":"publish","type":"page","link":"https:\/\/medifactia.com\/cs\/colon-transit-study\/","title":{"rendered":"Colon Transit Study"},"content":{"rendered":"<div  class='flex_column av-3ep5drx-744948b0c0d66a6f724b2f68a0669b14 av_one_full  avia-builder-el-0  el_before_av_one_full  avia-builder-el-first  first flex_column_div  '     ><style type=\"text\/css\" data-created_by=\"avia_inline_auto\" id=\"style-css-av-lgoncck1-80d3fcc2f0845c57be5dded3cf86c0f0\">\n.avia-image-container.av-lgoncck1-80d3fcc2f0845c57be5dded3cf86c0f0 img.avia_image{\nbox-shadow:none;\n}\n.avia-image-container.av-lgoncck1-80d3fcc2f0845c57be5dded3cf86c0f0 .av-image-caption-overlay-center{\ncolor:#ffffff;\n}\n<\/style>\n<div  class='avia-image-container av-lgoncck1-80d3fcc2f0845c57be5dded3cf86c0f0 av-styling- avia-align-center  avia-builder-el-1  avia-builder-el-no-sibling '   itemprop=\"image\" itemscope=\"itemscope\" itemtype=\"https:\/\/schema.org\/ImageObject\" ><div class=\"avia-image-container-inner\"><div class=\"avia-image-overlay-wrap\"><img decoding=\"async\" fetchpriority=\"high\" class='wp-image-15050 avia-img-lazy-loading-not-15050 avia_image ' src=\"https:\/\/medifactia.com\/cs\/wp-content\/uploads\/sites\/11\/2023\/06\/patient-doctor-2.jpg\" alt='' title='patient-doctor-2'  height=\"1282\" width=\"1920\"  itemprop=\"thumbnailUrl\" srcset=\"https:\/\/medifactia.com\/cs\/wp-content\/uploads\/sites\/11\/2023\/06\/patient-doctor-2.jpg 1920w, https:\/\/medifactia.com\/cs\/wp-content\/uploads\/sites\/11\/2023\/06\/patient-doctor-2-300x200.jpg 300w, https:\/\/medifactia.com\/cs\/wp-content\/uploads\/sites\/11\/2023\/06\/patient-doctor-2-1030x688.jpg 1030w, https:\/\/medifactia.com\/cs\/wp-content\/uploads\/sites\/11\/2023\/06\/patient-doctor-2-768x513.jpg 768w, https:\/\/medifactia.com\/cs\/wp-content\/uploads\/sites\/11\/2023\/06\/patient-doctor-2-1536x1026.jpg 1536w, https:\/\/medifactia.com\/cs\/wp-content\/uploads\/sites\/11\/2023\/06\/patient-doctor-2-1500x1002.jpg 1500w, https:\/\/medifactia.com\/cs\/wp-content\/uploads\/sites\/11\/2023\/06\/patient-doctor-2-705x471.jpg 705w\" sizes=\"(max-width: 1920px) 100vw, 1920px\" \/><\/div><\/div><\/div><\/div>\n<div  class='flex_column av-bc2tlp-e65288d00a38d381c225ad2791d20b01 av_one_full  avia-builder-el-2  el_after_av_one_full  el_before_av_one_full  first flex_column_div  column-top-margin'     ><p>\n<style type=\"text\/css\" data-created_by=\"avia_inline_auto\" id=\"style-css-av-lgonczpp-62598809e8ae708d28ca10ab322beff3\">\n#top .av-special-heading.av-lgonczpp-62598809e8ae708d28ca10ab322beff3{\npadding-bottom:10px;\n}\nbody .av-special-heading.av-lgonczpp-62598809e8ae708d28ca10ab322beff3 .av-special-heading-tag .heading-char{\nfont-size:25px;\n}\n.av-special-heading.av-lgonczpp-62598809e8ae708d28ca10ab322beff3 .av-subheading{\nfont-size:15px;\n}\n<\/style>\n<div  class='av-special-heading av-lgonczpp-62598809e8ae708d28ca10ab322beff3 av-special-heading-h1 blockquote modern-quote  avia-builder-el-3  el_before_av_textblock  avia-builder-el-first '><h1 class='av-special-heading-tag '  itemprop=\"headline\"  >Co je kolontransitn\u00ed studie s kapslemi Transit-Pellets?<\/h1><div class=\"special-heading-border\"><div class=\"special-heading-inner-border\"><\/div><\/div><\/div><br \/>\n<section  class='av_textblock_section av-lgondeh5-c28afe24aa32762ece3d7ac9d49fddfa '   itemscope=\"itemscope\" itemtype=\"https:\/\/schema.org\/CreativeWork\" ><div class='avia_textblock'  itemprop=\"text\" ><p>Studie kolonov\u00e9 tranzitn\u00ed doby s Transit-Pellets se \u010dasto pou\u017e\u00edv\u00e1 u pacient\u016f trp\u00edc\u00edch chronickou z\u00e1cpou, chronickou pr\u016fjmovou a\/nebo syndromem dr\u00e1\u017ediv\u00e9ho tra\u010dn\u00edku (IBS). \u00da\u010delem t\u00e9to zkou\u0161ky je posoudit tranzitn\u00ed dobu a to, jak rychle nebo pomalu se potrava\/stolice pohybuje st\u0159evy.<\/p>\n<p>Test zahrnuje or\u00e1ln\u00ed konzumaci sedmi kapsl\u00ed po dobu \u0161esti dn\u016f, z nich\u017e ka\u017ed\u00e1 obsahuje mal\u00e9 zna\u010dky, kter\u00e9 lze vizualizovat pomoc\u00ed rentgenov\u00e9ho zobrazov\u00e1n\u00ed. Sledov\u00e1n\u00edm pokroku marker\u016f st\u0159evn\u00edm traktem m\u016f\u017ee l\u00e9ka\u0159 kvantifikovat z\u00e1va\u017enost tranzitn\u00edch probl\u00e9m\u016f a v\u00fdsledky mohou b\u00fdt d\u016fle\u017eit\u00e9 p\u0159i volb\u011b vhodn\u00fdch l\u00e9\u010debn\u00fdch mo\u017enost\u00ed.<\/p>\n<p>Kapsle a markery jsou jedine\u010dn\u011b baleny podle Transit-Pellets method, ov\u011b\u0159en\u00e9 jedinou rentgenovou technikou pro m\u011b\u0159en\u00ed cel\u00e9 \u0161k\u00e1ly kolontransitn\u00ed doby, od rychl\u00e9ho po pomal\u00fd pr\u016fchod.<\/p>\n<p>Kon\u00e1n\u00ed Transit-Pellets je bezpe\u010dn\u00e9 a markery budou vylou\u010deny ve stolici a mohou b\u00fdt bezpe\u010dn\u011b likvidov\u00e1ny spl\u00e1chnut\u00edm do toalety.<\/p>\n<\/div><\/section><\/p><\/div><div  class='flex_column av-2fqgvrx-61291567fd1b7c2d2d8f4f3f68f55cb9 av_one_full  avia-builder-el-5  el_after_av_one_full  el_before_av_one_full  first flex_column_div  column-top-margin'     ><p>\n<style type=\"text\/css\" data-created_by=\"avia_inline_auto\" id=\"style-css-av-lgondlmp-422a48fd3a7a55deab2086723ec97367\">\n#top .av-special-heading.av-lgondlmp-422a48fd3a7a55deab2086723ec97367{\npadding-bottom:10px;\n}\nbody .av-special-heading.av-lgondlmp-422a48fd3a7a55deab2086723ec97367 .av-special-heading-tag .heading-char{\nfont-size:25px;\n}\n.av-special-heading.av-lgondlmp-422a48fd3a7a55deab2086723ec97367 .av-subheading{\nfont-size:15px;\n}\n<\/style>\n<div  class='av-special-heading av-lgondlmp-422a48fd3a7a55deab2086723ec97367 av-special-heading-h2 blockquote modern-quote  avia-builder-el-6  el_before_av_textblock  avia-builder-el-first '><h2 class='av-special-heading-tag '  itemprop=\"headline\"  >Kdy\u017e v\u00e1\u0161 l\u00e9ka\u0159 m\u016f\u017ee p\u0159edepsat kolontransitn\u00ed studii s Transit-Pellets<\/h2><div class=\"special-heading-border\"><div class=\"special-heading-inner-border\"><\/div><\/div><\/div><br \/>\n<section  class='av_textblock_section av-lgondvhh-d8a2851e96ca9f9035659c6cd85406de '   itemscope=\"itemscope\" itemtype=\"https:\/\/schema.org\/CreativeWork\" ><div class='avia_textblock'  itemprop=\"text\" ><p>Obecn\u011b se prvn\u00ed l\u00e9\u010dba z\u00e1cpy \u010dasto zahrnuje zm\u011bnu stravy a \u017eivotn\u00edho stylu, stejn\u011b jako vyzkou\u0161en\u00ed voln\u011b prodejn\u00fdch laxativ, jako jsou agenty s objemov\u00fdm \u00fa\u010dinkem a neresorbovateln\u00e9 sacharidy. Pokud se tyto metody uk\u00e1\u017eou jako ne\u00fa\u010dinn\u00e9, m\u016f\u017ee b\u00fdt provedena kolontransitn\u00ed studie pomoc\u00ed kapsl\u00ed Transit-Pellets. N\u011bkte\u0159\u00ed poskytovatel\u00e9 zdravotn\u00ed p\u00e9\u010de mohou tak\u00e9 vyzkou\u0161et jin\u00e9 l\u00e9\u010debn\u00e9 mo\u017enosti, jako jsou soln\u00e9 laxativy nebo l\u00e9ky stimuluj\u00edc\u00ed motilitu, p\u0159ed doporu\u010den\u00edm kolontransitn\u00edho testu.<\/p>\n<\/div><\/section><\/p><\/div><\/p>\n<div  class='flex_column av-1vtip3x-6247461dfc19497aaa93605236f46db4 av_one_full  avia-builder-el-8  el_after_av_one_full  el_before_av_hr  first flex_column_div  column-top-margin'     ><p>\n<style type=\"text\/css\" data-created_by=\"avia_inline_auto\" id=\"style-css-av-lgone1xn-e852c82919a3024e6f92f9e79c060fbd\">\n#top .av-special-heading.av-lgone1xn-e852c82919a3024e6f92f9e79c060fbd{\npadding-bottom:10px;\n}\nbody .av-special-heading.av-lgone1xn-e852c82919a3024e6f92f9e79c060fbd .av-special-heading-tag .heading-char{\nfont-size:25px;\n}\n.av-special-heading.av-lgone1xn-e852c82919a3024e6f92f9e79c060fbd .av-subheading{\nfont-size:15px;\n}\n<\/style>\n<div  class='av-special-heading av-lgone1xn-e852c82919a3024e6f92f9e79c060fbd av-special-heading-h2 blockquote modern-quote  avia-builder-el-9  el_before_av_textblock  avia-builder-el-first '><h2 class='av-special-heading-tag '  itemprop=\"headline\"  >Kr\u00e1tk\u00e1 historie<\/h2><div class=\"special-heading-border\"><div class=\"special-heading-inner-border\"><\/div><\/div><\/div><br \/>\n<section  class='av_textblock_section av-lgonebbo-bf192ebf81804c4c53656bf9c2c2d0ff '   itemscope=\"itemscope\" itemtype=\"https:\/\/schema.org\/CreativeWork\" ><div class='avia_textblock'  itemprop=\"text\" ><p>Pou\u017eit\u00ed po\u017eiteln\u00fdch radioopakn\u00edch marker\u016f pro hodnocen\u00ed tranzitu tlust\u00e9ho st\u0159eva bylo \u0161iroce p\u0159ijato od doby, kdy to poprv\u00e9 popsal Hinton v roce 1969. Test se n\u011bkdy naz\u00fdv\u00e1 \u201eHintons Method\u201c, ale je tak\u00e9 zn\u00e1m jako Colon Transit-Pellets test, Colonic Transit Markers Study, Radiopaque Markers Test, Radio-Opaque Markers Test, ROM Test nebo Bowel Motility Test. M\u011b\u0159en\u00ed tranzitu tlust\u00e9ho st\u0159eva pomoc\u00ed radioopakn\u00edmi markery zna\u010dek je v sou\u010dasn\u00e9 dob\u011b pova\u017eov\u00e1no za nejspolehliv\u011bj\u0161\u00ed a bezpe\u010dnou metodu pro hodnocen\u00ed gastrointestin\u00e1ln\u00edch poruch u dosp\u011bl\u00fdch i d\u011bt\u00ed.<\/p>\n<\/div><\/section><\/p><\/div><div  class='hr av-1k0awv1-27d5eb3cf97f4576e5a7c4cfa82f55c6 hr-default  avia-builder-el-11  el_after_av_one_full  el_before_av_one_full '><span class='hr-inner '><span class=\"hr-inner-style\"><\/span><\/span><\/div><\/p>\n<div  class='flex_column av-3lbo65-302b3b01f9e2e08931ce626390805d5e av_one_full  avia-builder-el-12  el_after_av_hr  el_before_av_hr  first flex_column_div  '     ><style type=\"text\/css\" data-created_by=\"avia_inline_auto\" id=\"style-css-av-lgonemy9-e8e60be4dd931092a9861a0d23c7799a\">\n#top .av_textblock_section.av-lgonemy9-e8e60be4dd931092a9861a0d23c7799a .avia_textblock{\nfont-size:13px;\n}\n<\/style>\n<section  class='av_textblock_section av-lgonemy9-e8e60be4dd931092a9861a0d23c7799a '   itemscope=\"itemscope\" itemtype=\"https:\/\/schema.org\/CreativeWork\" ><div class='avia_textblock'  itemprop=\"text\" ><p>Informace na t\u00e9to str\u00e1nce by nem\u011bly b\u00fdt pou\u017eity jako n\u00e1hrada za l\u00e9ka\u0159sk\u00e9 rady od va\u0161eho l\u00e9ka\u0159e. V\u017edy diskutujte informace o diagn\u00f3ze a l\u00e9\u010db\u011b v\u010detn\u011b rizik se sv\u00fdm l\u00e9ka\u0159em. Pamatujte, \u017ee v\u0161echny v\u00fdsledky l\u00e9\u010dby a v\u00fdsledky jsou specifick\u00e9 pro jednotliv\u00e9ho pacienta.<\/p>\n<\/div><\/section><\/div>\n<div  class='hr av-o1svh9-789e38ab5dc6fc20c2fe21a133fcf05d hr-default  avia-builder-el-14  el_after_av_one_full  avia-builder-el-last '><span class='hr-inner '><span class=\"hr-inner-style\"><\/span><\/span><\/div>\n","protected":false},"excerpt":{"rendered":"","protected":false},"author":1,"featured_media":0,"parent":0,"menu_order":0,"comment_status":"closed","ping_status":"closed","template":"","meta":{"footnotes":""},"class_list":["post-15005","page","type-page","status-publish","hentry"],"_links":{"self":[{"href":"https:\/\/medifactia.com\/cs\/wp-json\/wp\/v2\/pages\/15005","targetHints":{"allow":["GET"]}}],"collection":[{"href":"https:\/\/medifactia.com\/cs\/wp-json\/wp\/v2\/pages"}],"about":[{"href":"https:\/\/medifactia.com\/cs\/wp-json\/wp\/v2\/types\/page"}],"author":[{"embeddable":true,"href":"https:\/\/medifactia.com\/cs\/wp-json\/wp\/v2\/users\/1"}],"replies":[{"embeddable":true,"href":"https:\/\/medifactia.com\/cs\/wp-json\/wp\/v2\/comments?post=15005"}],"version-history":[{"count":5,"href":"https:\/\/medifactia.com\/cs\/wp-json\/wp\/v2\/pages\/15005\/revisions"}],"predecessor-version":[{"id":15161,"href":"https:\/\/medifactia.com\/cs\/wp-json\/wp\/v2\/pages\/15005\/revisions\/15161"}],"wp:attachment":[{"href":"https:\/\/medifactia.com\/cs\/wp-json\/wp\/v2\/media?parent=15005"}],"curies":[{"name":"wp","href":"https:\/\/api.w.org\/{rel}","templated":true}]}}